{"id":1674,"date":"2020-11-09T15:13:09","date_gmt":"2020-11-09T20:13:09","guid":{"rendered":"https:\/\/sursaut.ca\/la-compagnie\/"},"modified":"2026-02-11T12:38:41","modified_gmt":"2026-02-11T17:38:41","slug":"company","status":"publish","type":"page","link":"https:\/\/sursaut.ca\/en\/company\/","title":{"rendered":"Company"},"content":{"rendered":"<p>Joyeuses, po\u00e9tiques et touchantes, les \u0153uvres chor\u00e9graphiques de la compagnie t\u00e9moignent de la maturit\u00e9 d\u2019une d\u00e9marche artistique \u00e9volutive ax\u00e9e depuis plus de trente ans vers le jeune public.<\/p>\n<p>Connaissant l\u2019exigence, l\u2019intelligence, la grande ouverture et la capacit\u00e9 d\u2019\u00e9coute des enfants, la compagnie travaille avec s\u00e9rieux, authenticit\u00e9 et avec le plus grand respect pour ce public. Pr\u00e9sent\u00e9es d\u2019un oc\u00e9an \u00e0 l\u2019autre au Canada et \u00e0 l\u2019\u00e9tranger, les cr\u00e9ations de Sursaut inspirent et ravissent \u00e0 la fois les jeunes et les moins jeunes.<\/p>\n<p>La compagnie de danse Sursaut fait figure de pionni\u00e8re au Canada en danse contemporaine pour la jeunesse et la famille et contribue au d\u00e9veloppement de la danse professionnelle en dehors des grands centres urbains. Convaincue de l\u2019importance de l\u2019art destin\u00e9 aux jeunes, la compagnie poursuit son mandat et travaille \u00e0 rendre la danse accessible \u00e0 tous.<\/p>\n","protected":false},"excerpt":{"rendered":"Joyeuses, po\u00e9tiques et touchantes, les \u0153uvres chor\u00e9graphiques de la compagnie t\u00e9moignent de la maturit\u00e9 d\u2019une d\u00e9marche artistique \u00e9volutive ax\u00e9e depuis plus de trente ans vers le jeune public. Connaissant l\u2019exigence, l\u2019intelligence, la grande ouverture et la capacit\u00e9 d\u2019\u00e9coute des enfants, la compagnie travaille avec s\u00e9rieux, authenticit\u00e9 et avec le plus grand respect pour ce public. [&hellip;]","protected":false},"author":1,"featured_media":0,"parent":0,"menu_order":19,"comment_status":"closed","ping_status":"closed","template":"template-compagnie.php","meta":{"_acf_changed":false,"inline_featured_image":false,"footnotes":""},"class_list":["post-1674","page","type-page","status-publish","hentry"],"acf":[],"yoast_head":"<!-- This site is optimized with the Yoast SEO plugin v27.3 - https:\/\/yoast.com\/product\/yoast-seo-wordpress\/ -->\n<title>Company - Sursaut<\/title>\n<meta name=\"description\" content=\"The Sursaut Dance Company is dedicated to the creation, production, and dissemination of dance works for young and family audiences.\" \/>\n<meta name=\"robots\" content=\"index, follow, max-snippet:-1, max-image-preview:large, max-video-preview:-1\" \/>\n<link rel=\"canonical\" href=\"https:\/\/sursaut.ca\/en\/company\/\" \/>\n<meta property=\"og:locale\" content=\"en_US\" \/>\n<meta property=\"og:type\" content=\"article\" \/>\n<meta property=\"og:title\" content=\"Company - Sursaut\" \/>\n<meta property=\"og:description\" content=\"The Sursaut Dance Company is dedicated to the creation, production, and dissemination of dance works for young and family audiences.\" \/>\n<meta property=\"og:url\" content=\"https:\/\/sursaut.ca\/en\/company\/\" \/>\n<meta property=\"og:site_name\" content=\"Sursaut\" \/>\n<meta property=\"article:modified_time\" content=\"2026-02-11T17:38:41+00:00\" \/>\n<meta name=\"twitter:card\" content=\"summary_large_image\" \/>\n<meta name=\"twitter:label1\" content=\"Est. reading time\" \/>\n\t<meta name=\"twitter:data1\" content=\"1 minute\" \/>\n<script type=\"application\/ld+json\" class=\"yoast-schema-graph\">{\"@context\":\"https:\\\/\\\/schema.org\",\"@graph\":[{\"@type\":[\"WebPage\",\"AboutPage\"],\"@id\":\"https:\\\/\\\/sursaut.ca\\\/en\\\/company\\\/\",\"url\":\"https:\\\/\\\/sursaut.ca\\\/en\\\/company\\\/\",\"name\":\"Company - Sursaut\",\"isPartOf\":{\"@id\":\"https:\\\/\\\/sursaut.ca\\\/en\\\/#website\"},\"datePublished\":\"2020-11-09T20:13:09+00:00\",\"dateModified\":\"2026-02-11T17:38:41+00:00\",\"description\":\"The Sursaut Dance Company is dedicated to the creation, production, and dissemination of dance works for young and family audiences.\",\"breadcrumb\":{\"@id\":\"https:\\\/\\\/sursaut.ca\\\/en\\\/company\\\/#breadcrumb\"},\"inLanguage\":\"en-CA\",\"potentialAction\":[{\"@type\":\"ReadAction\",\"target\":[\"https:\\\/\\\/sursaut.ca\\\/en\\\/company\\\/\"]}]},{\"@type\":\"BreadcrumbList\",\"@id\":\"https:\\\/\\\/sursaut.ca\\\/en\\\/company\\\/#breadcrumb\",\"itemListElement\":[{\"@type\":\"ListItem\",\"position\":1,\"name\":\"Home\",\"item\":\"https:\\\/\\\/sursaut.ca\\\/en\\\/\"},{\"@type\":\"ListItem\",\"position\":2,\"name\":\"Company\"}]},{\"@type\":\"WebSite\",\"@id\":\"https:\\\/\\\/sursaut.ca\\\/en\\\/#website\",\"url\":\"https:\\\/\\\/sursaut.ca\\\/en\\\/\",\"name\":\"Sursaut\",\"description\":\"Dance company\",\"potentialAction\":[{\"@type\":\"SearchAction\",\"target\":{\"@type\":\"EntryPoint\",\"urlTemplate\":\"https:\\\/\\\/sursaut.ca\\\/en\\\/?s={search_term_string}\"},\"query-input\":{\"@type\":\"PropertyValueSpecification\",\"valueRequired\":true,\"valueName\":\"search_term_string\"}}],\"inLanguage\":\"en-CA\"}]}<\/script>\n<!-- \/ Yoast SEO plugin. -->","yoast_head_json":{"title":"Company - Sursaut","description":"The Sursaut Dance Company is dedicated to the creation, production, and dissemination of dance works for young and family audiences.","robots":{"index":"index","follow":"follow","max-snippet":"max-snippet:-1","max-image-preview":"max-image-preview:large","max-video-preview":"max-video-preview:-1"},"canonical":"https:\/\/sursaut.ca\/en\/company\/","og_locale":"en_US","og_type":"article","og_title":"Company - Sursaut","og_description":"The Sursaut Dance Company is dedicated to the creation, production, and dissemination of dance works for young and family audiences.","og_url":"https:\/\/sursaut.ca\/en\/company\/","og_site_name":"Sursaut","article_modified_time":"2026-02-11T17:38:41+00:00","twitter_card":"summary_large_image","twitter_misc":{"Est. reading time":"1 minute"},"schema":{"@context":"https:\/\/schema.org","@graph":[{"@type":["WebPage","AboutPage"],"@id":"https:\/\/sursaut.ca\/en\/company\/","url":"https:\/\/sursaut.ca\/en\/company\/","name":"Company - Sursaut","isPartOf":{"@id":"https:\/\/sursaut.ca\/en\/#website"},"datePublished":"2020-11-09T20:13:09+00:00","dateModified":"2026-02-11T17:38:41+00:00","description":"The Sursaut Dance Company is dedicated to the creation, production, and dissemination of dance works for young and family audiences.","breadcrumb":{"@id":"https:\/\/sursaut.ca\/en\/company\/#breadcrumb"},"inLanguage":"en-CA","potentialAction":[{"@type":"ReadAction","target":["https:\/\/sursaut.ca\/en\/company\/"]}]},{"@type":"BreadcrumbList","@id":"https:\/\/sursaut.ca\/en\/company\/#breadcrumb","itemListElement":[{"@type":"ListItem","position":1,"name":"Home","item":"https:\/\/sursaut.ca\/en\/"},{"@type":"ListItem","position":2,"name":"Company"}]},{"@type":"WebSite","@id":"https:\/\/sursaut.ca\/en\/#website","url":"https:\/\/sursaut.ca\/en\/","name":"Sursaut","description":"Dance company","potentialAction":[{"@type":"SearchAction","target":{"@type":"EntryPoint","urlTemplate":"https:\/\/sursaut.ca\/en\/?s={search_term_string}"},"query-input":{"@type":"PropertyValueSpecification","valueRequired":true,"valueName":"search_term_string"}}],"inLanguage":"en-CA"}]}},"_links":{"self":[{"href":"https:\/\/sursaut.ca\/en\/wp-json\/wp\/v2\/pages\/1674","targetHints":{"allow":["GET"]}}],"collection":[{"href":"https:\/\/sursaut.ca\/en\/wp-json\/wp\/v2\/pages"}],"about":[{"href":"https:\/\/sursaut.ca\/en\/wp-json\/wp\/v2\/types\/page"}],"author":[{"embeddable":true,"href":"https:\/\/sursaut.ca\/en\/wp-json\/wp\/v2\/users\/1"}],"replies":[{"embeddable":true,"href":"https:\/\/sursaut.ca\/en\/wp-json\/wp\/v2\/comments?post=1674"}],"version-history":[{"count":0,"href":"https:\/\/sursaut.ca\/en\/wp-json\/wp\/v2\/pages\/1674\/revisions"}],"wp:attachment":[{"href":"https:\/\/sursaut.ca\/en\/wp-json\/wp\/v2\/media?parent=1674"}],"curies":[{"name":"wp","href":"https:\/\/api.w.org\/{rel}","templated":true}]}}